{"id":24316,"date":"2023-10-08T20:57:05","date_gmt":"2023-10-08T20:57:05","guid":{"rendered":"https:\/\/iptvcheap.store\/kasse\/kaufen-sie-1-monat-iptv\/"},"modified":"2026-04-18T16:50:34","modified_gmt":"2026-04-18T16:50:34","slug":"1-monat-paypal-angebot","status":"publish","type":"page","link":"https:\/\/iboplayer.de\/es\/1-monat-paypal-angebot\/","title":{"rendered":"Lista de reproducci\u00f3n de IBO Player de 1 mes"},"content":{"rendered":"<div data-elementor-type=\"wp-page\" data-elementor-id=\"24316\" class=\"elementor elementor-24316\" data-elementor-post-type=\"page\">\n\t\t\t\t\t\t<section class=\"elementor-section elementor-top-section elementor-element elementor-element-ee7d013 elementor-section-stretched elementor-section-full_width elementor-section-height-default elementor-section-height-default\" data-id=\"ee7d013\" data-element_type=\"section\" data-e-type=\"section\" data-settings=\"{&quot;stretch_section&quot;:&quot;section-stretched&quot;}\">\n\t\t\t\t\t\t<div class=\"elementor-container elementor-column-gap-wider\">\n\t\t\t\t\t<div class=\"elementor-column elementor-col-100 elementor-top-column elementor-element elementor-element-ce5a13a\" data-id=\"ce5a13a\" data-element_type=\"column\" data-e-type=\"column\">\n\t\t\t<div class=\"elementor-widget-wrap elementor-element-populated\">\n\t\t\t\t<div class=\"elementor-element elementor-element-3fd51fd e-flex e-con-boxed e-con e-parent\" data-id=\"3fd51fd\" data-element_type=\"container\" data-e-type=\"container\">\n\t\t\t\t\t<div class=\"e-con-inner\">\n\t\t\t\t<div class=\"elementor-element elementor-element-a0decb7 elementor-widget elementor-widget-text-editor\" data-id=\"a0decb7\" data-element_type=\"widget\" data-e-type=\"widget\" data-widget_type=\"text-editor.default\">\n\t\t\t\t<div class=\"elementor-widget-container\">\n\t\t\t\t\t\t\t\t\t<p>Descubra el mundo del entretenimiento sin l\u00edmites con IboPlayer, ahora m\u00e1s flexible y sin compromiso que nunca, con nuestra exclusiva suscripci\u00f3n de 1 mes. Ya sea que sea un apasionado de las series, quiera experimentar las \u00faltimas pel\u00edculas o desee transmitir eventos deportivos en vivo en la mejor calidad, IboPlayer le abre la puerta a una amplia biblioteca de m\u00e1s de 22,000 canales en vivo y m\u00e1s de 100,000 pel\u00edculas y series.<\/p>\t\t\t\t\t\t\t\t<\/div>\n\t\t\t\t<\/div>\n\t\t\t\t\t<\/div>\n\t\t\t\t<\/div>\n\t\t<div class=\"elementor-element elementor-element-c41655c e-con-full e-flex e-con e-parent\" data-id=\"c41655c\" data-element_type=\"container\" data-e-type=\"container\" data-settings=\"{&quot;background_background&quot;:&quot;classic&quot;}\">\n\t\t<div class=\"elementor-element elementor-element-9cfbdb2 e-con-full e-flex e-con e-child\" data-id=\"9cfbdb2\" data-element_type=\"container\" data-e-type=\"container\" data-settings=\"{&quot;background_background&quot;:&quot;gradient&quot;}\">\n\t\t\t\t<div class=\"elementor-element elementor-element-da35d73 elementor-widget elementor-widget-heading\" data-id=\"da35d73\" data-element_type=\"widget\" data-e-type=\"widget\" data-widget_type=\"heading.default\">\n\t\t\t\t<div class=\"elementor-widget-container\">\n\t\t\t\t\t<h2 class=\"elementor-heading-title elementor-size-default\">Por qu\u00e9 elegir IBO PLAYER?<\/h2>\t\t\t\t<\/div>\n\t\t\t\t<\/div>\n\t\t\t\t<div class=\"elementor-element elementor-element-b8a47bc elementor-widget elementor-widget-image\" data-id=\"b8a47bc\" data-element_type=\"widget\" data-e-type=\"widget\" data-widget_type=\"image.default\">\n\t\t\t\t<div class=\"elementor-widget-container\">\n\t\t\t\t\t\t\t\t\t\t\t\t\t\t\t<img fetchpriority=\"high\" decoding=\"async\" width=\"500\" height=\"489\" src=\"https:\/\/iboplayer.de\/wp-content\/uploads\/2024\/03\/worldwide.webp\" class=\"attachment-full size-full wp-image-25188\" alt=\"Lista de reproducci\u00f3n de IBO Player a nivel mundial \u2013 Canales IPTV de todo el mundo para streaming ilimitado\" srcset=\"https:\/\/iboplayer.de\/wp-content\/uploads\/2024\/03\/worldwide.webp 500w, https:\/\/iboplayer.de\/wp-content\/uploads\/2024\/03\/worldwide-300x293.webp 300w, https:\/\/iboplayer.de\/wp-content\/uploads\/2024\/03\/worldwide-77x75.webp 77w, https:\/\/iboplayer.de\/wp-content\/uploads\/2024\/03\/worldwide-480x469.webp 480w\" sizes=\"(max-width: 500px) 100vw, 500px\" \/>\t\t\t\t\t\t\t\t\t\t\t\t\t\t\t<\/div>\n\t\t\t\t<\/div>\n\t\t\t\t<div class=\"elementor-element elementor-element-fdd007b elementor-widget elementor-widget-spacer\" data-id=\"fdd007b\" data-element_type=\"widget\" data-e-type=\"widget\" data-widget_type=\"spacer.default\">\n\t\t\t\t<div class=\"elementor-widget-container\">\n\t\t\t\t\t\t\t<div class=\"elementor-spacer\">\n\t\t\t<div class=\"elementor-spacer-inner\"><\/div>\n\t\t<\/div>\n\t\t\t\t\t\t<\/div>\n\t\t\t\t<\/div>\n\t\t\t\t<div class=\"elementor-element elementor-element-8a6b0f9 elementor-invisible elementor-widget elementor-widget-heading\" data-id=\"8a6b0f9\" data-element_type=\"widget\" data-e-type=\"widget\" data-settings=\"{&quot;_animation&quot;:&quot;zoomIn&quot;}\" data-widget_type=\"heading.default\">\n\t\t\t\t<div class=\"elementor-widget-container\">\n\t\t\t\t\t<h6 class=\"elementor-heading-title elementor-size-default\">+22,000 canales en vivo<\/h6>\t\t\t\t<\/div>\n\t\t\t\t<\/div>\n\t\t\t\t<div class=\"elementor-element elementor-element-38e8829 elementor-widget-divider--view-line elementor-widget elementor-widget-divider\" data-id=\"38e8829\" data-element_type=\"widget\" data-e-type=\"widget\" data-widget_type=\"divider.default\">\n\t\t\t\t<div class=\"elementor-widget-container\">\n\t\t\t\t\t\t\t<div class=\"elementor-divider\">\n\t\t\t<span class=\"elementor-divider-separator\">\n\t\t\t\t\t\t<\/span>\n\t\t<\/div>\n\t\t\t\t\t\t<\/div>\n\t\t\t\t<\/div>\n\t\t\t\t<div class=\"elementor-element elementor-element-47c3f7e elementor-invisible elementor-widget elementor-widget-heading\" data-id=\"47c3f7e\" data-element_type=\"widget\" data-e-type=\"widget\" data-settings=\"{&quot;_animation&quot;:&quot;zoomIn&quot;}\" data-widget_type=\"heading.default\">\n\t\t\t\t<div class=\"elementor-widget-container\">\n\t\t\t\t\t<h6 class=\"elementor-heading-title elementor-size-default\">Soporte para todos los dispositivos<\/h6>\t\t\t\t<\/div>\n\t\t\t\t<\/div>\n\t\t\t\t<div class=\"elementor-element elementor-element-03481af elementor-widget-divider--view-line elementor-widget elementor-widget-divider\" data-id=\"03481af\" data-element_type=\"widget\" data-e-type=\"widget\" data-widget_type=\"divider.default\">\n\t\t\t\t<div class=\"elementor-widget-container\">\n\t\t\t\t\t\t\t<div class=\"elementor-divider\">\n\t\t\t<span class=\"elementor-divider-separator\">\n\t\t\t\t\t\t<\/span>\n\t\t<\/div>\n\t\t\t\t\t\t<\/div>\n\t\t\t\t<\/div>\n\t\t\t\t<div class=\"elementor-element elementor-element-7869aa7 elementor-invisible elementor-widget elementor-widget-heading\" data-id=\"7869aa7\" data-element_type=\"widget\" data-e-type=\"widget\" data-settings=\"{&quot;_animation&quot;:&quot;zoomIn&quot;}\" data-widget_type=\"heading.default\">\n\t\t\t\t<div class=\"elementor-widget-container\">\n\t\t\t\t\t<h6 class=\"elementor-heading-title elementor-size-default\">+100,000 pel\u00edculas\/series<\/h6>\t\t\t\t<\/div>\n\t\t\t\t<\/div>\n\t\t\t\t<div class=\"elementor-element elementor-element-33838e9 elementor-widget-divider--view-line elementor-widget elementor-widget-divider\" data-id=\"33838e9\" data-element_type=\"widget\" data-e-type=\"widget\" data-widget_type=\"divider.default\">\n\t\t\t\t<div class=\"elementor-widget-container\">\n\t\t\t\t\t\t\t<div class=\"elementor-divider\">\n\t\t\t<span class=\"elementor-divider-separator\">\n\t\t\t\t\t\t<\/span>\n\t\t<\/div>\n\t\t\t\t\t\t<\/div>\n\t\t\t\t<\/div>\n\t\t\t\t<div class=\"elementor-element elementor-element-5e4c522 elementor-invisible elementor-widget elementor-widget-heading\" data-id=\"5e4c522\" data-element_type=\"widget\" data-e-type=\"widget\" data-settings=\"{&quot;_animation&quot;:&quot;zoomIn&quot;}\" data-widget_type=\"heading.default\">\n\t\t\t\t<div class=\"elementor-widget-container\">\n\t\t\t\t\t<h6 class=\"elementor-heading-title elementor-size-default\">Canales Catch-Up<\/h6>\t\t\t\t<\/div>\n\t\t\t\t<\/div>\n\t\t\t\t<div class=\"elementor-element elementor-element-75c5223 elementor-widget-divider--view-line elementor-widget elementor-widget-divider\" data-id=\"75c5223\" data-element_type=\"widget\" data-e-type=\"widget\" data-widget_type=\"divider.default\">\n\t\t\t\t<div class=\"elementor-widget-container\">\n\t\t\t\t\t\t\t<div class=\"elementor-divider\">\n\t\t\t<span class=\"elementor-divider-separator\">\n\t\t\t\t\t\t<\/span>\n\t\t<\/div>\n\t\t\t\t\t\t<\/div>\n\t\t\t\t<\/div>\n\t\t\t\t<div class=\"elementor-element elementor-element-1abd2a6 elementor-invisible elementor-widget elementor-widget-heading\" data-id=\"1abd2a6\" data-element_type=\"widget\" data-e-type=\"widget\" data-settings=\"{&quot;_animation&quot;:&quot;zoomIn&quot;}\" data-widget_type=\"heading.default\">\n\t\t\t\t<div class=\"elementor-widget-container\">\n\t\t\t\t\t<h6 class=\"elementor-heading-title elementor-size-default\">99% de Tiempo de Actividad<\/h6>\t\t\t\t<\/div>\n\t\t\t\t<\/div>\n\t\t\t\t<div class=\"elementor-element elementor-element-c9cae74 elementor-widget-divider--view-line elementor-widget elementor-widget-divider\" data-id=\"c9cae74\" data-element_type=\"widget\" data-e-type=\"widget\" data-widget_type=\"divider.default\">\n\t\t\t\t<div class=\"elementor-widget-container\">\n\t\t\t\t\t\t\t<div class=\"elementor-divider\">\n\t\t\t<span class=\"elementor-divider-separator\">\n\t\t\t\t\t\t<\/span>\n\t\t<\/div>\n\t\t\t\t\t\t<\/div>\n\t\t\t\t<\/div>\n\t\t\t\t<div class=\"elementor-element elementor-element-a3e286e elementor-invisible elementor-widget elementor-widget-heading\" data-id=\"a3e286e\" data-element_type=\"widget\" data-e-type=\"widget\" data-settings=\"{&quot;_animation&quot;:&quot;zoomIn&quot;}\" data-widget_type=\"heading.default\">\n\t\t\t\t<div class=\"elementor-widget-container\">\n\t\t\t\t\t<h6 class=\"elementor-heading-title elementor-size-default\">Activaci\u00f3n R\u00e1pida<\/h6>\t\t\t\t<\/div>\n\t\t\t\t<\/div>\n\t\t\t\t<div class=\"elementor-element elementor-element-2ec01a8 elementor-widget-divider--view-line elementor-widget elementor-widget-divider\" data-id=\"2ec01a8\" data-element_type=\"widget\" data-e-type=\"widget\" data-widget_type=\"divider.default\">\n\t\t\t\t<div class=\"elementor-widget-container\">\n\t\t\t\t\t\t\t<div class=\"elementor-divider\">\n\t\t\t<span class=\"elementor-divider-separator\">\n\t\t\t\t\t\t<\/span>\n\t\t<\/div>\n\t\t\t\t\t\t<\/div>\n\t\t\t\t<\/div>\n\t\t\t\t<div class=\"elementor-element elementor-element-373dc97 elementor-invisible elementor-widget elementor-widget-heading\" data-id=\"373dc97\" data-element_type=\"widget\" data-e-type=\"widget\" data-settings=\"{&quot;_animation&quot;:&quot;zoomIn&quot;}\" data-widget_type=\"heading.default\">\n\t\t\t\t<div class=\"elementor-widget-container\">\n\t\t\t\t\t<h6 class=\"elementor-heading-title elementor-size-default\">Soporte 24\/7<\/h6>\t\t\t\t<\/div>\n\t\t\t\t<\/div>\n\t\t\t\t<\/div>\n\t\t<div class=\"elementor-element elementor-element-1fbaf80 e-con-full e-flex e-con e-child\" data-id=\"1fbaf80\" data-element_type=\"container\" data-e-type=\"container\" data-settings=\"{&quot;background_background&quot;:&quot;classic&quot;}\">\n\t\t\t\t<div class=\"elementor-element elementor-element-5929620 elementor-widget elementor-widget-heading\" data-id=\"5929620\" data-element_type=\"widget\" data-e-type=\"widget\" data-widget_type=\"heading.default\">\n\t\t\t\t<div class=\"elementor-widget-container\">\n\t\t\t\t\t<h3 class=\"elementor-heading-title elementor-size-default\">Pago seguro y sencillo con PayPal<\/h3>\t\t\t\t<\/div>\n\t\t\t\t<\/div>\n\t\t\t\t<div class=\"elementor-element elementor-element-26bbb9e elementor-widget elementor-widget-heading\" data-id=\"26bbb9e\" data-element_type=\"widget\" data-e-type=\"widget\" data-widget_type=\"heading.default\">\n\t\t\t\t<div class=\"elementor-widget-container\">\n\t\t\t\t\t<p class=\"elementor-heading-title elementor-size-default\">Su lista de reproducci\u00f3n definitiva para pel\u00edculas y series con IboPlayer<\/p>\t\t\t\t<\/div>\n\t\t\t\t<\/div>\n\t\t\t\t<div class=\"elementor-element elementor-element-0803f4d elementor-widget elementor-widget-shortcode\" data-id=\"0803f4d\" data-element_type=\"widget\" data-e-type=\"widget\" data-widget_type=\"shortcode.default\">\n\t\t\t\t<div class=\"elementor-widget-container\">\n\t\t\t\t\t\t\t<div class=\"elementor-shortcode\">        <div class=\"zifn-wrap zifn-wrap--payments-unavailable\" id=\"zifn-2-1\"\n             data-pid=\"2\"\n             data-form-id=\"2\"\n             data-name=\"1 Monat\"\n             data-price=\"15,00\"\n             data-zifn-form-ms=\"1778056658125\"\n             data-zifn-form-sig=\"21f70b1c7be03cda4ab75bc791eee958915bb19063d96e750711dccb47011abd\"\n             data-zfp-redirect-after-success=\"\"\n             data-zfp-success-stay-seconds=\"300\"\n             data-zfp-payments-unavailable=\"1\"              style=\"--df-accent:#d91e2a;--df-accent-rgb:217,30,42;--df-accent-h:#d91e2a;--df-accent2:#d91e2a;--df-success:#d91e2a;--df-error:#ff3333;--df-primary-btn-text:#ffffff\">\n\n\t\t\t\t\t\t<div class=\"zifn-payments-off-notice\" role=\"alert\">\n\t\t\t\tOnline zahlungen sind vor\u00fcbergehend nicht m\u00f6glich. Sie erreichen uns weiterhin \u00fcber WhatsApp !\t\t\t<\/div>\n\t\t\t\t\t\t\t\t\t\t<!-- WhatsApp only (panel paused checkout) -->\n\t\t\t<div class=\"zifn-wa-wrap zifn-wa-wrap--solo\">\n\t\t\t\t<a class=\"zifn-wa-btn\" href=\"https:\/\/wa.me\/12089513047?text=Hallo%2C%20ich%20brauche%20Hilfe%20zu%20meiner%20Bestellung%20f%C3%BCr%201%20Monat\" target=\"_blank\" rel=\"noopener\">\n\t\t\t\t\t<div class=\"zifn-wa-icon-col\">\n\t\t\t\t\t\t<div class=\"zifn-wa-ring\">\n\t\t\t\t\t\t\t<svg viewbox=\"0 0 24 24\" xmlns=\"http:\/\/www.w3.org\/2000\/svg\" fill=\"white\" width=\"22\" height=\"22\">\n\t\t\t\t\t\t\t\t<path d=\"M17.472 14.382c-.297-.149-1.758-.867-2.03-.967-.273-.099-.471-.148-.67.15-.197.297-.767.966-.94 1.164-.173.199-.347.223-.644.075-.297-.15-1.255-.463-2.39-1.475-.883-.788-1.48-1.761-1.653-2.059-.173-.297-.018-.458.13-.606.134-.133.298-.347.446-.52.149-.174.198-.298.298-.497.099-.198.05-.371-.025-.52-.075-.149-.669-1.612-.916-2.207-.242-.579-.487-.5-.669-.51-.173-.008-.371-.01-.57-.01-.198 0-.52.074-.792.372-.272.297-1.04 1.016-1.04 2.479 0 1.462 1.065 2.875 1.213 3.074.149.198 2.096 3.2 5.077 4.487.709.306 1.262.489 1.694.625.712.227 1.36.195 1.871.118.571-.085 1.758-.719 2.006-1.413.248-.694.248-1.289.173-1.413-.074-.124-.272-.198-.57-.347z\"\/>\n\t\t\t\t\t\t\t\t<path d=\"M11.999 2C6.477 2 2 6.477 2 12c0 1.99.577 3.844 1.574 5.408L2.045 22l4.737-1.5A9.955 9.955 0 0012 22c5.522 0 10-4.477 10-10S17.522 2 12 2zm0 18c-1.636 0-3.16-.453-4.462-1.238l-.32-.19-3.32 1.052 1.07-3.233-.208-.334A7.952 7.952 0 014 12C4 7.582 7.582 4 12 4c4.417 0 8 3.583 8 8 0 4.418-3.583 8-8 8z\"\/>\n\t\t\t\t\t\t\t<\/svg>\n\t\t\t\t\t\t<\/div>\n\t\t\t\t\t<\/div>\n\t\t\t\t\t<div class=\"zifn-wa-text\">\n\t\t\t\t\t\t<div class=\"zifn-wa-label\">WhatsApp-Support<\/div>\n\t\t\t\t\t\t<div class=\"zifn-wa-desc\"><span class=\"zifn-wa-dot\"><\/span> Online \u00b7 Jetzt chatten<\/div>\n\t\t\t\t\t<\/div>\n\t\t\t\t\t<div class=\"zifn-wa-cta\">Nachricht \u2192<\/div>\n\t\t\t\t<\/a>\n\t\t\t<\/div>\n\t\t\t\n\t\t\t        <\/div>\n<\/div>\n\t\t\t\t\t\t<\/div>\n\t\t\t\t<\/div>\n\t\t\t\t<\/div>\n\t\t\t\t<\/div>\n\t\t\t\t\t<\/div>\n\t\t<\/div>\n\t\t\t\t\t<\/div>\n\t\t<\/section>\n\t\t<div class=\"elementor-element elementor-element-8cf3a96 e-flex e-con-boxed e-con e-parent\" data-id=\"8cf3a96\" data-element_type=\"container\" data-e-type=\"container\">\n\t\t\t\t\t<div class=\"e-con-inner\">\n\t\t\t\t<div class=\"elementor-element elementor-element-8a0ddec elementor-widget elementor-widget-spacer\" data-id=\"8a0ddec\" data-element_type=\"widget\" data-e-type=\"widget\" data-widget_type=\"spacer.default\">\n\t\t\t\t<div class=\"elementor-widget-container\">\n\t\t\t\t\t\t\t<div class=\"elementor-spacer\">\n\t\t\t<div class=\"elementor-spacer-inner\"><\/div>\n\t\t<\/div>\n\t\t\t\t\t\t<\/div>\n\t\t\t\t<\/div>\n\t\t\t\t\t<\/div>\n\t\t\t\t<\/div>\n\t\t\t\t<\/div>","protected":false},"excerpt":{"rendered":"<p>Entdecken Sie die Welt des grenzenlosen Entertainments mit IboPlayer jetzt flexibler und unverbindlicher denn je mit unserem exklusiven 1 Monat [&hellip;]<\/p>\n","protected":false},"author":2,"featured_media":23945,"parent":0,"menu_order":0,"comment_status":"closed","ping_status":"closed","template":"","meta":{"site-sidebar-layout":"default","site-content-layout":"","ast-site-content-layout":"default","site-content-style":"default","site-sidebar-style":"default","ast-global-header-display":"","ast-banner-title-visibility":"","ast-main-header-display":"","ast-hfb-above-header-display":"","ast-hfb-below-header-display":"","ast-hfb-mobile-header-display":"","site-post-title":"","ast-breadcrumbs-content":"","ast-featured-img":"","footer-sml-layout":"","ast-disable-related-posts":"","theme-transparent-header-meta":"","adv-header-id-meta":"","stick-header-meta":"","header-above-stick-meta":"","header-main-stick-meta":"","header-below-stick-meta":"","astra-migrate-meta-layouts":"default","ast-page-background-enabled":"default","ast-page-background-meta":{"desktop":{"background-color":"var(--ast-global-color-4)","background-image":"","background-repeat":"repeat","background-position":"center center","background-size":"auto","background-attachment":"scroll","background-type":"","background-media":"","overlay-type":"","overlay-color":"","overlay-opacity":"","overlay-gradient":""},"tablet":{"background-color":"","background-image":"","background-repeat":"repeat","background-position":"center center","background-size":"auto","background-attachment":"scroll","background-type":"","background-media":"","overlay-type":"","overlay-color":"","overlay-opacity":"","overlay-gradient":""},"mobile":{"background-color":"","background-image":"","background-repeat":"repeat","background-position":"center center","background-size":"auto","background-attachment":"scroll","background-type":"","background-media":"","overlay-type":"","overlay-color":"","overlay-opacity":"","overlay-gradient":""}},"ast-content-background-meta":{"desktop":{"background-color":"var(--ast-global-color-5)","background-image":"","background-repeat":"repeat","background-position":"center center","background-size":"auto","background-attachment":"scroll","background-type":"","background-media":"","overlay-type":"","overlay-color":"","overlay-opacity":"","overlay-gradient":""},"tablet":{"background-color":"var(--ast-global-color-5)","background-image":"","background-repeat":"repeat","background-position":"center center","background-size":"auto","background-attachment":"scroll","background-type":"","background-media":"","overlay-type":"","overlay-color":"","overlay-opacity":"","overlay-gradient":""},"mobile":{"background-color":"var(--ast-global-color-5)","background-image":"","background-repeat":"repeat","background-position":"center center","background-size":"auto","background-attachment":"scroll","background-type":"","background-media":"","overlay-type":"","overlay-color":"","overlay-opacity":"","overlay-gradient":""}},"footnotes":""},"class_list":["post-24316","page","type-page","status-publish","has-post-thumbnail","hentry"],"_links":{"self":[{"href":"https:\/\/iboplayer.de\/es\/wp-json\/wp\/v2\/pages\/24316","targetHints":{"allow":["GET"]}}],"collection":[{"href":"https:\/\/iboplayer.de\/es\/wp-json\/wp\/v2\/pages"}],"about":[{"href":"https:\/\/iboplayer.de\/es\/wp-json\/wp\/v2\/types\/page"}],"author":[{"embeddable":true,"href":"https:\/\/iboplayer.de\/es\/wp-json\/wp\/v2\/users\/2"}],"replies":[{"embeddable":true,"href":"https:\/\/iboplayer.de\/es\/wp-json\/wp\/v2\/comments?post=24316"}],"version-history":[{"count":0,"href":"https:\/\/iboplayer.de\/es\/wp-json\/wp\/v2\/pages\/24316\/revisions"}],"wp:featuredmedia":[{"embeddable":true,"href":"https:\/\/iboplayer.de\/es\/wp-json\/"}],"wp:attachment":[{"href":"https:\/\/iboplayer.de\/es\/wp-json\/wp\/v2\/media?parent=24316"}],"curies":[{"name":"wp","href":"https:\/\/api.w.org\/{rel}","templated":true}]}}