{"id":24520,"date":"2023-10-22T23:13:58","date_gmt":"2023-10-22T23:13:58","guid":{"rendered":"https:\/\/iboplayer.de\/?page_id=24520"},"modified":"2026-04-18T16:52:54","modified_gmt":"2026-04-18T16:52:54","slug":"12-monate-paypal-angebot","status":"publish","type":"page","link":"https:\/\/iboplayer.de\/en\/12-monate-paypal-angebot\/","title":{"rendered":"12 Month Ibo Player Playlist"},"content":{"rendered":"<div data-elementor-type=\"wp-page\" data-elementor-id=\"24520\" class=\"elementor elementor-24520\" data-elementor-post-type=\"page\">\n\t\t\t\t\t\t<section class=\"elementor-section elementor-top-section elementor-element elementor-element-c0b6ba8 elementor-section-stretched elementor-section-full_width elementor-section-height-default elementor-section-height-default\" data-id=\"c0b6ba8\" data-element_type=\"section\" data-e-type=\"section\" data-settings=\"{&quot;stretch_section&quot;:&quot;section-stretched&quot;}\">\n\t\t\t\t\t\t<div class=\"elementor-container elementor-column-gap-wider\">\n\t\t\t\t\t<div class=\"elementor-column elementor-col-100 elementor-top-column elementor-element elementor-element-4027a12\" data-id=\"4027a12\" data-element_type=\"column\" data-e-type=\"column\">\n\t\t\t<div class=\"elementor-widget-wrap elementor-element-populated\">\n\t\t\t\t<div class=\"elementor-element elementor-element-6b40a7d e-flex e-con-boxed e-con e-parent\" data-id=\"6b40a7d\" data-element_type=\"container\" data-e-type=\"container\">\n\t\t\t\t\t<div class=\"e-con-inner\">\n\t\t\t\t<div class=\"elementor-element elementor-element-74ab43f elementor-widget elementor-widget-text-editor\" data-id=\"74ab43f\" data-element_type=\"widget\" data-e-type=\"widget\" data-widget_type=\"text-editor.default\">\n\t\t\t\t<div class=\"elementor-widget-container\">\n\t\t\t\t\t\t\t\t\t<p>Discover the world of limitless entertainment with IboPlayer, now more flexible and commitment-free than ever with our exclusive 12-month subscription. Whether you're a passionate series junkie, want to experience the latest movies, or wish to stream live sports events in the best quality, IboPlayer opens the door to an extensive library of over 22,000 live channels and more than 100,000 movies and series.<\/p>\t\t\t\t\t\t\t\t<\/div>\n\t\t\t\t<\/div>\n\t\t\t\t\t<\/div>\n\t\t\t\t<\/div>\n\t\t<div class=\"elementor-element elementor-element-c27a86d e-con-full e-flex e-con e-parent\" data-id=\"c27a86d\" data-element_type=\"container\" data-e-type=\"container\" data-settings=\"{&quot;background_background&quot;:&quot;classic&quot;}\">\n\t\t<div class=\"elementor-element elementor-element-946bbc4 e-con-full e-flex e-con e-child\" data-id=\"946bbc4\" data-element_type=\"container\" data-e-type=\"container\" data-settings=\"{&quot;background_background&quot;:&quot;gradient&quot;}\">\n\t\t\t\t<div class=\"elementor-element elementor-element-7d298e5 elementor-widget elementor-widget-heading\" data-id=\"7d298e5\" data-element_type=\"widget\" data-e-type=\"widget\" data-widget_type=\"heading.default\">\n\t\t\t\t<div class=\"elementor-widget-container\">\n\t\t\t\t\t<h2 class=\"elementor-heading-title elementor-size-default\">Why choose IBO PLAYER?<\/h2>\t\t\t\t<\/div>\n\t\t\t\t<\/div>\n\t\t\t\t<div class=\"elementor-element elementor-element-1f3fa1e elementor-widget elementor-widget-image\" data-id=\"1f3fa1e\" data-element_type=\"widget\" data-e-type=\"widget\" data-widget_type=\"image.default\">\n\t\t\t\t<div class=\"elementor-widget-container\">\n\t\t\t\t\t\t\t\t\t\t\t\t\t\t\t<img fetchpriority=\"high\" decoding=\"async\" width=\"500\" height=\"489\" src=\"https:\/\/iboplayer.de\/wp-content\/uploads\/2024\/03\/worldwide.webp\" class=\"attachment-full size-full wp-image-25188\" alt=\"IBO Player Playlist worldwide \u2013 IPTV channels from around the world for limitless streaming\" srcset=\"https:\/\/iboplayer.de\/wp-content\/uploads\/2024\/03\/worldwide.webp 500w, https:\/\/iboplayer.de\/wp-content\/uploads\/2024\/03\/worldwide-300x293.webp 300w, https:\/\/iboplayer.de\/wp-content\/uploads\/2024\/03\/worldwide-77x75.webp 77w, https:\/\/iboplayer.de\/wp-content\/uploads\/2024\/03\/worldwide-480x469.webp 480w\" sizes=\"(max-width: 500px) 100vw, 500px\" \/>\t\t\t\t\t\t\t\t\t\t\t\t\t\t\t<\/div>\n\t\t\t\t<\/div>\n\t\t\t\t<div class=\"elementor-element elementor-element-b98b3fb elementor-widget elementor-widget-spacer\" data-id=\"b98b3fb\" data-element_type=\"widget\" data-e-type=\"widget\" data-widget_type=\"spacer.default\">\n\t\t\t\t<div class=\"elementor-widget-container\">\n\t\t\t\t\t\t\t<div class=\"elementor-spacer\">\n\t\t\t<div class=\"elementor-spacer-inner\"><\/div>\n\t\t<\/div>\n\t\t\t\t\t\t<\/div>\n\t\t\t\t<\/div>\n\t\t\t\t<div class=\"elementor-element elementor-element-12ece76 elementor-invisible elementor-widget elementor-widget-heading\" data-id=\"12ece76\" data-element_type=\"widget\" data-e-type=\"widget\" data-settings=\"{&quot;_animation&quot;:&quot;zoomIn&quot;}\" data-widget_type=\"heading.default\">\n\t\t\t\t<div class=\"elementor-widget-container\">\n\t\t\t\t\t<h6 class=\"elementor-heading-title elementor-size-default\">+22,000 live channels<\/h6>\t\t\t\t<\/div>\n\t\t\t\t<\/div>\n\t\t\t\t<div class=\"elementor-element elementor-element-d466c0f elementor-widget-divider--view-line elementor-widget elementor-widget-divider\" data-id=\"d466c0f\" data-element_type=\"widget\" data-e-type=\"widget\" data-widget_type=\"divider.default\">\n\t\t\t\t<div class=\"elementor-widget-container\">\n\t\t\t\t\t\t\t<div class=\"elementor-divider\">\n\t\t\t<span class=\"elementor-divider-separator\">\n\t\t\t\t\t\t<\/span>\n\t\t<\/div>\n\t\t\t\t\t\t<\/div>\n\t\t\t\t<\/div>\n\t\t\t\t<div class=\"elementor-element elementor-element-83cf028 elementor-invisible elementor-widget elementor-widget-heading\" data-id=\"83cf028\" data-element_type=\"widget\" data-e-type=\"widget\" data-settings=\"{&quot;_animation&quot;:&quot;zoomIn&quot;}\" data-widget_type=\"heading.default\">\n\t\t\t\t<div class=\"elementor-widget-container\">\n\t\t\t\t\t<h6 class=\"elementor-heading-title elementor-size-default\">Support for all devices<\/h6>\t\t\t\t<\/div>\n\t\t\t\t<\/div>\n\t\t\t\t<div class=\"elementor-element elementor-element-53df620 elementor-widget-divider--view-line elementor-widget elementor-widget-divider\" data-id=\"53df620\" data-element_type=\"widget\" data-e-type=\"widget\" data-widget_type=\"divider.default\">\n\t\t\t\t<div class=\"elementor-widget-container\">\n\t\t\t\t\t\t\t<div class=\"elementor-divider\">\n\t\t\t<span class=\"elementor-divider-separator\">\n\t\t\t\t\t\t<\/span>\n\t\t<\/div>\n\t\t\t\t\t\t<\/div>\n\t\t\t\t<\/div>\n\t\t\t\t<div class=\"elementor-element elementor-element-9f658e9 elementor-invisible elementor-widget elementor-widget-heading\" data-id=\"9f658e9\" data-element_type=\"widget\" data-e-type=\"widget\" data-settings=\"{&quot;_animation&quot;:&quot;zoomIn&quot;}\" data-widget_type=\"heading.default\">\n\t\t\t\t<div class=\"elementor-widget-container\">\n\t\t\t\t\t<h6 class=\"elementor-heading-title elementor-size-default\">+100,000 movies\/series<\/h6>\t\t\t\t<\/div>\n\t\t\t\t<\/div>\n\t\t\t\t<div class=\"elementor-element elementor-element-04564d9 elementor-widget-divider--view-line elementor-widget elementor-widget-divider\" data-id=\"04564d9\" data-element_type=\"widget\" data-e-type=\"widget\" data-widget_type=\"divider.default\">\n\t\t\t\t<div class=\"elementor-widget-container\">\n\t\t\t\t\t\t\t<div class=\"elementor-divider\">\n\t\t\t<span class=\"elementor-divider-separator\">\n\t\t\t\t\t\t<\/span>\n\t\t<\/div>\n\t\t\t\t\t\t<\/div>\n\t\t\t\t<\/div>\n\t\t\t\t<div class=\"elementor-element elementor-element-4b4b23a elementor-invisible elementor-widget elementor-widget-heading\" data-id=\"4b4b23a\" data-element_type=\"widget\" data-e-type=\"widget\" data-settings=\"{&quot;_animation&quot;:&quot;zoomIn&quot;}\" data-widget_type=\"heading.default\">\n\t\t\t\t<div class=\"elementor-widget-container\">\n\t\t\t\t\t<h6 class=\"elementor-heading-title elementor-size-default\">Catch-Up channels<\/h6>\t\t\t\t<\/div>\n\t\t\t\t<\/div>\n\t\t\t\t<div class=\"elementor-element elementor-element-2d4d2cc elementor-widget-divider--view-line elementor-widget elementor-widget-divider\" data-id=\"2d4d2cc\" data-element_type=\"widget\" data-e-type=\"widget\" data-widget_type=\"divider.default\">\n\t\t\t\t<div class=\"elementor-widget-container\">\n\t\t\t\t\t\t\t<div class=\"elementor-divider\">\n\t\t\t<span class=\"elementor-divider-separator\">\n\t\t\t\t\t\t<\/span>\n\t\t<\/div>\n\t\t\t\t\t\t<\/div>\n\t\t\t\t<\/div>\n\t\t\t\t<div class=\"elementor-element elementor-element-30a84aa elementor-invisible elementor-widget elementor-widget-heading\" data-id=\"30a84aa\" data-element_type=\"widget\" data-e-type=\"widget\" data-settings=\"{&quot;_animation&quot;:&quot;zoomIn&quot;}\" data-widget_type=\"heading.default\">\n\t\t\t\t<div class=\"elementor-widget-container\">\n\t\t\t\t\t<h6 class=\"elementor-heading-title elementor-size-default\">99% Uptime<\/h6>\t\t\t\t<\/div>\n\t\t\t\t<\/div>\n\t\t\t\t<div class=\"elementor-element elementor-element-c49157b elementor-widget-divider--view-line elementor-widget elementor-widget-divider\" data-id=\"c49157b\" data-element_type=\"widget\" data-e-type=\"widget\" data-widget_type=\"divider.default\">\n\t\t\t\t<div class=\"elementor-widget-container\">\n\t\t\t\t\t\t\t<div class=\"elementor-divider\">\n\t\t\t<span class=\"elementor-divider-separator\">\n\t\t\t\t\t\t<\/span>\n\t\t<\/div>\n\t\t\t\t\t\t<\/div>\n\t\t\t\t<\/div>\n\t\t\t\t<div class=\"elementor-element elementor-element-a00888a elementor-invisible elementor-widget elementor-widget-heading\" data-id=\"a00888a\" data-element_type=\"widget\" data-e-type=\"widget\" data-settings=\"{&quot;_animation&quot;:&quot;zoomIn&quot;}\" data-widget_type=\"heading.default\">\n\t\t\t\t<div class=\"elementor-widget-container\">\n\t\t\t\t\t<h6 class=\"elementor-heading-title elementor-size-default\">Quick Activation<\/h6>\t\t\t\t<\/div>\n\t\t\t\t<\/div>\n\t\t\t\t<div class=\"elementor-element elementor-element-c122b34 elementor-widget-divider--view-line elementor-widget elementor-widget-divider\" data-id=\"c122b34\" data-element_type=\"widget\" data-e-type=\"widget\" data-widget_type=\"divider.default\">\n\t\t\t\t<div class=\"elementor-widget-container\">\n\t\t\t\t\t\t\t<div class=\"elementor-divider\">\n\t\t\t<span class=\"elementor-divider-separator\">\n\t\t\t\t\t\t<\/span>\n\t\t<\/div>\n\t\t\t\t\t\t<\/div>\n\t\t\t\t<\/div>\n\t\t\t\t<div class=\"elementor-element elementor-element-ea187d1 elementor-invisible elementor-widget elementor-widget-heading\" data-id=\"ea187d1\" data-element_type=\"widget\" data-e-type=\"widget\" data-settings=\"{&quot;_animation&quot;:&quot;zoomIn&quot;}\" data-widget_type=\"heading.default\">\n\t\t\t\t<div class=\"elementor-widget-container\">\n\t\t\t\t\t<h6 class=\"elementor-heading-title elementor-size-default\">24\/7 support<\/h6>\t\t\t\t<\/div>\n\t\t\t\t<\/div>\n\t\t\t\t<\/div>\n\t\t<div class=\"elementor-element elementor-element-6a8c828 e-con-full e-flex e-con e-child\" data-id=\"6a8c828\" data-element_type=\"container\" data-e-type=\"container\" data-settings=\"{&quot;background_background&quot;:&quot;classic&quot;}\">\n\t\t\t\t<div class=\"elementor-element elementor-element-601f71c elementor-widget elementor-widget-heading\" data-id=\"601f71c\" data-element_type=\"widget\" data-e-type=\"widget\" data-widget_type=\"heading.default\">\n\t\t\t\t<div class=\"elementor-widget-container\">\n\t\t\t\t\t<h3 class=\"elementor-heading-title elementor-size-default\">Secure and easy payment with PayPal<\/h3>\t\t\t\t<\/div>\n\t\t\t\t<\/div>\n\t\t\t\t<div class=\"elementor-element elementor-element-d1050bb elementor-widget elementor-widget-heading\" data-id=\"d1050bb\" data-element_type=\"widget\" data-e-type=\"widget\" data-widget_type=\"heading.default\">\n\t\t\t\t<div class=\"elementor-widget-container\">\n\t\t\t\t\t<p class=\"elementor-heading-title elementor-size-default\">Your ultimate playlist for movies and series with IboPlayer<\/p>\t\t\t\t<\/div>\n\t\t\t\t<\/div>\n\t\t\t\t<div class=\"elementor-element elementor-element-31caae6 elementor-widget elementor-widget-shortcode\" data-id=\"31caae6\" data-element_type=\"widget\" data-e-type=\"widget\" data-widget_type=\"shortcode.default\">\n\t\t\t\t<div class=\"elementor-widget-container\">\n\t\t\t\t\t\t\t<div class=\"elementor-shortcode\">        <div class=\"zifn-wrap zifn-wrap--payments-unavailable\" id=\"zifn-3-1\"\n             data-pid=\"3\"\n             data-form-id=\"3\"\n             data-name=\"12 Monate\"\n             data-price=\"60,00\"\n             data-zifn-form-ms=\"1778056773075\"\n             data-zifn-form-sig=\"7f0854d0668bced01f7fa388324554e4736d1800462c466a6ee812f6f45113d0\"\n             data-zfp-redirect-after-success=\"\"\n             data-zfp-success-stay-seconds=\"300\"\n             data-zfp-payments-unavailable=\"1\"              style=\"--df-accent:#d91e2a;--df-accent-rgb:217,30,42;--df-accent-h:#d91e2a;--df-accent2:#d91e2a;--df-success:#d91e2a;--df-error:#ff3333;--df-primary-btn-text:#ffffff\">\n\n\t\t\t\t\t\t<div class=\"zifn-payments-off-notice\" role=\"alert\">\n\t\t\t\tOnline zahlungen sind vor\u00fcbergehend nicht m\u00f6glich. Sie erreichen uns weiterhin \u00fcber WhatsApp !\t\t\t<\/div>\n\t\t\t\t\t\t\t\t\t\t<!-- WhatsApp only (panel paused checkout) -->\n\t\t\t<div class=\"zifn-wa-wrap zifn-wa-wrap--solo\">\n\t\t\t\t<a class=\"zifn-wa-btn\" href=\"https:\/\/wa.me\/12089513047?text=Hallo%2C%20ich%20brauche%20Hilfe%20zu%20meiner%20Bestellung%20f%C3%BCr%2012%20Monate\" target=\"_blank\" rel=\"noopener\">\n\t\t\t\t\t<div class=\"zifn-wa-icon-col\">\n\t\t\t\t\t\t<div class=\"zifn-wa-ring\">\n\t\t\t\t\t\t\t<svg viewbox=\"0 0 24 24\" xmlns=\"http:\/\/www.w3.org\/2000\/svg\" fill=\"white\" width=\"22\" height=\"22\">\n\t\t\t\t\t\t\t\t<path d=\"M17.472 14.382c-.297-.149-1.758-.867-2.03-.967-.273-.099-.471-.148-.67.15-.197.297-.767.966-.94 1.164-.173.199-.347.223-.644.075-.297-.15-1.255-.463-2.39-1.475-.883-.788-1.48-1.761-1.653-2.059-.173-.297-.018-.458.13-.606.134-.133.298-.347.446-.52.149-.174.198-.298.298-.497.099-.198.05-.371-.025-.52-.075-.149-.669-1.612-.916-2.207-.242-.579-.487-.5-.669-.51-.173-.008-.371-.01-.57-.01-.198 0-.52.074-.792.372-.272.297-1.04 1.016-1.04 2.479 0 1.462 1.065 2.875 1.213 3.074.149.198 2.096 3.2 5.077 4.487.709.306 1.262.489 1.694.625.712.227 1.36.195 1.871.118.571-.085 1.758-.719 2.006-1.413.248-.694.248-1.289.173-1.413-.074-.124-.272-.198-.57-.347z\"\/>\n\t\t\t\t\t\t\t\t<path d=\"M11.999 2C6.477 2 2 6.477 2 12c0 1.99.577 3.844 1.574 5.408L2.045 22l4.737-1.5A9.955 9.955 0 0012 22c5.522 0 10-4.477 10-10S17.522 2 12 2zm0 18c-1.636 0-3.16-.453-4.462-1.238l-.32-.19-3.32 1.052 1.07-3.233-.208-.334A7.952 7.952 0 014 12C4 7.582 7.582 4 12 4c4.417 0 8 3.583 8 8 0 4.418-3.583 8-8 8z\"\/>\n\t\t\t\t\t\t\t<\/svg>\n\t\t\t\t\t\t<\/div>\n\t\t\t\t\t<\/div>\n\t\t\t\t\t<div class=\"zifn-wa-text\">\n\t\t\t\t\t\t<div class=\"zifn-wa-label\">WhatsApp-Support<\/div>\n\t\t\t\t\t\t<div class=\"zifn-wa-desc\"><span class=\"zifn-wa-dot\"><\/span> Online \u00b7 Jetzt chatten<\/div>\n\t\t\t\t\t<\/div>\n\t\t\t\t\t<div class=\"zifn-wa-cta\">Nachricht \u2192<\/div>\n\t\t\t\t<\/a>\n\t\t\t<\/div>\n\t\t\t\n\t\t\t        <\/div>\n<\/div>\n\t\t\t\t\t\t<\/div>\n\t\t\t\t<\/div>\n\t\t\t\t<\/div>\n\t\t\t\t<\/div>\n\t\t\t\t\t<\/div>\n\t\t<\/div>\n\t\t\t\t\t<\/div>\n\t\t<\/section>\n\t\t<div class=\"elementor-element elementor-element-23f59ad e-flex e-con-boxed e-con e-parent\" data-id=\"23f59ad\" data-element_type=\"container\" data-e-type=\"container\">\n\t\t\t\t\t<div class=\"e-con-inner\">\n\t\t\t\t<div class=\"elementor-element elementor-element-9fe88ff elementor-widget elementor-widget-spacer\" data-id=\"9fe88ff\" data-element_type=\"widget\" data-e-type=\"widget\" data-widget_type=\"spacer.default\">\n\t\t\t\t<div class=\"elementor-widget-container\">\n\t\t\t\t\t\t\t<div class=\"elementor-spacer\">\n\t\t\t<div class=\"elementor-spacer-inner\"><\/div>\n\t\t<\/div>\n\t\t\t\t\t\t<\/div>\n\t\t\t\t<\/div>\n\t\t\t\t\t<\/div>\n\t\t\t\t<\/div>\n\t\t\t\t<\/div>","protected":false},"excerpt":{"rendered":"<p>Entdecken Sie die Welt des grenzenlosen Entertainments mit IboPlayer jetzt flexibler und unverbindlicher denn je mit unserem exklusiven 12 Monate [&hellip;]<\/p>\n","protected":false},"author":2,"featured_media":23945,"parent":0,"menu_order":0,"comment_status":"closed","ping_status":"closed","template":"","meta":{"site-sidebar-layout":"default","site-content-layout":"","ast-site-content-layout":"default","site-content-style":"default","site-sidebar-style":"default","ast-global-header-display":"","ast-banner-title-visibility":"","ast-main-header-display":"","ast-hfb-above-header-display":"","ast-hfb-below-header-display":"","ast-hfb-mobile-header-display":"","site-post-title":"","ast-breadcrumbs-content":"","ast-featured-img":"","footer-sml-layout":"","ast-disable-related-posts":"","theme-transparent-header-meta":"","adv-header-id-meta":"","stick-header-meta":"","header-above-stick-meta":"","header-main-stick-meta":"","header-below-stick-meta":"","astra-migrate-meta-layouts":"default","ast-page-background-enabled":"default","ast-page-background-meta":{"desktop":{"background-color":"var(--ast-global-color-4)","background-image":"","background-repeat":"repeat","background-position":"center center","background-size":"auto","background-attachment":"scroll","background-type":"","background-media":"","overlay-type":"","overlay-color":"","overlay-opacity":"","overlay-gradient":""},"tablet":{"background-color":"","background-image":"","background-repeat":"repeat","background-position":"center center","background-size":"auto","background-attachment":"scroll","background-type":"","background-media":"","overlay-type":"","overlay-color":"","overlay-opacity":"","overlay-gradient":""},"mobile":{"background-color":"","background-image":"","background-repeat":"repeat","background-position":"center center","background-size":"auto","background-attachment":"scroll","background-type":"","background-media":"","overlay-type":"","overlay-color":"","overlay-opacity":"","overlay-gradient":""}},"ast-content-background-meta":{"desktop":{"background-color":"var(--ast-global-color-5)","background-image":"","background-repeat":"repeat","background-position":"center center","background-size":"auto","background-attachment":"scroll","background-type":"","background-media":"","overlay-type":"","overlay-color":"","overlay-opacity":"","overlay-gradient":""},"tablet":{"background-color":"var(--ast-global-color-5)","background-image":"","background-repeat":"repeat","background-position":"center center","background-size":"auto","background-attachment":"scroll","background-type":"","background-media":"","overlay-type":"","overlay-color":"","overlay-opacity":"","overlay-gradient":""},"mobile":{"background-color":"var(--ast-global-color-5)","background-image":"","background-repeat":"repeat","background-position":"center center","background-size":"auto","background-attachment":"scroll","background-type":"","background-media":"","overlay-type":"","overlay-color":"","overlay-opacity":"","overlay-gradient":""}},"footnotes":""},"class_list":["post-24520","page","type-page","status-publish","has-post-thumbnail","hentry"],"_links":{"self":[{"href":"https:\/\/iboplayer.de\/en\/wp-json\/wp\/v2\/pages\/24520","targetHints":{"allow":["GET"]}}],"collection":[{"href":"https:\/\/iboplayer.de\/en\/wp-json\/wp\/v2\/pages"}],"about":[{"href":"https:\/\/iboplayer.de\/en\/wp-json\/wp\/v2\/types\/page"}],"author":[{"embeddable":true,"href":"https:\/\/iboplayer.de\/en\/wp-json\/wp\/v2\/users\/2"}],"replies":[{"embeddable":true,"href":"https:\/\/iboplayer.de\/en\/wp-json\/wp\/v2\/comments?post=24520"}],"version-history":[{"count":0,"href":"https:\/\/iboplayer.de\/en\/wp-json\/wp\/v2\/pages\/24520\/revisions"}],"wp:featuredmedia":[{"embeddable":true,"href":"https:\/\/iboplayer.de\/en\/wp-json\/"}],"wp:attachment":[{"href":"https:\/\/iboplayer.de\/en\/wp-json\/wp\/v2\/media?parent=24520"}],"curies":[{"name":"wp","href":"https:\/\/api.w.org\/{rel}","templated":true}]}}