{"id":24664,"date":"2023-12-20T00:15:17","date_gmt":"2023-12-20T00:15:17","guid":{"rendered":"https:\/\/iboplayer.de\/?page_id=24664"},"modified":"2026-04-27T00:04:27","modified_gmt":"2026-04-27T00:04:27","slug":"aktivierung","status":"publish","type":"page","link":"https:\/\/iboplayer.de\/de\/aktivierung\/","title":{"rendered":"Ibo Player Aktivieren Lifetime"},"content":{"rendered":"\t\t<div data-elementor-type=\"wp-page\" data-elementor-id=\"24664\" class=\"elementor elementor-24664\" data-elementor-post-type=\"page\">\n\t\t\t\t<div class=\"elementor-element elementor-element-7b1a446 e-con-full e-flex e-con e-parent\" data-id=\"7b1a446\" data-element_type=\"container\" data-e-type=\"container\" data-settings=\"{&quot;background_background&quot;:&quot;classic&quot;}\">\n\t\t<div class=\"elementor-element elementor-element-d49b059 e-con-full e-flex e-con e-child\" data-id=\"d49b059\" data-element_type=\"container\" data-e-type=\"container\" data-settings=\"{&quot;background_background&quot;:&quot;classic&quot;}\">\n\t\t\t\t<div class=\"elementor-element elementor-element-888036e elementor-widget elementor-widget-heading\" data-id=\"888036e\" data-element_type=\"widget\" data-e-type=\"widget\" data-widget_type=\"heading.default\">\n\t\t\t\t<div class=\"elementor-widget-container\">\n\t\t\t\t\t<h1 class=\"elementor-heading-title elementor-size-default\">Ibo Player Aktivieren<\/h1>\t\t\t\t<\/div>\n\t\t\t\t<\/div>\n\t\t\t\t<div class=\"elementor-element elementor-element-12c6966 elementor-widget elementor-widget-text-editor\" data-id=\"12c6966\" data-element_type=\"widget\" data-e-type=\"widget\" data-widget_type=\"text-editor.default\">\n\t\t\t\t<div class=\"elementor-widget-container\">\n\t\t\t\t\t\t\t\t\t<p>Aktivieren Sie Ibo Player f\u00fcr nur \u20ac10 ! Schnelle IPTV Aktivierung ohne Playlist. Unterst\u00fctzt MAC Adresse und sichere PayPal Zahlung.<\/p>\t\t\t\t\t\t\t\t<\/div>\n\t\t\t\t<\/div>\n\t\t\t\t<div class=\"elementor-element elementor-element-6a72f52 elementor-widget elementor-widget-heading\" data-id=\"6a72f52\" data-element_type=\"widget\" data-e-type=\"widget\" data-widget_type=\"heading.default\">\n\t\t\t\t<div class=\"elementor-widget-container\">\n\t\t\t\t\t<h2 class=\"elementor-heading-title elementor-size-default\">\u20ac 10 Lifetime<\/h2>\t\t\t\t<\/div>\n\t\t\t\t<\/div>\n\t\t\t\t<div class=\"elementor-element elementor-element-887db6f elementor-widget elementor-widget-heading\" data-id=\"887db6f\" data-element_type=\"widget\" data-e-type=\"widget\" data-widget_type=\"heading.default\">\n\t\t\t\t<div class=\"elementor-widget-container\">\n\t\t\t\t\t<span class=\"elementor-heading-title elementor-size-default\">\u26a0\ufe0f Keine Sender (Nur App Lizenz)<\/span>\t\t\t\t<\/div>\n\t\t\t\t<\/div>\n\t\t\t\t<div class=\"elementor-element elementor-element-3058f29 elementor-widget elementor-widget-shortcode\" data-id=\"3058f29\" data-element_type=\"widget\" data-e-type=\"widget\" data-widget_type=\"shortcode.default\">\n\t\t\t\t<div class=\"elementor-widget-container\">\n\t\t\t\t\t\t\t<div class=\"elementor-shortcode\">        <div class=\"zifn-wrap zifn-wrap--payments-unavailable\" id=\"zifn-1-1\"\n             data-pid=\"1\"\n             data-form-id=\"1\"\n             data-name=\"Lifetime\"\n             data-price=\"10,00\"\n             data-zifn-form-ms=\"1778146043369\"\n             data-zifn-form-sig=\"2d48e8ebc54a27d255ae06d6a7dae7428885fbae5387735d0ee7073b6e4e576e\"\n             data-zfp-redirect-after-success=\"\"\n             data-zfp-success-stay-seconds=\"300\"\n             data-zfp-payments-unavailable=\"1\"              style=\"--df-accent:#d91e2a;--df-accent-rgb:217,30,42;--df-accent-h:#d91e2a;--df-accent2:#d91e2a;--df-success:#d91e2a;--df-error:#ff3333;--df-primary-btn-text:#ffffff\">\n\n\t\t\t\t\t\t<div class=\"zifn-payments-off-notice\" role=\"alert\">\n\t\t\t\tOnline zahlungen sind vor\u00fcbergehend nicht m\u00f6glich. Sie erreichen uns weiterhin \u00fcber WhatsApp !\t\t\t<\/div>\n\t\t\t\t\t\t\t\t\t\t<!-- WhatsApp only (panel paused checkout) -->\n\t\t\t<div class=\"zifn-wa-wrap zifn-wa-wrap--solo\">\n\t\t\t\t<a class=\"zifn-wa-btn\" href=\"https:\/\/wa.me\/12089513047?text=Hallo%2C%20ich%20brauche%20Hilfe%20zu%20meiner%20Bestellung%20f%C3%BCr%20Lifetime\" target=\"_blank\" rel=\"noopener\">\n\t\t\t\t\t<div class=\"zifn-wa-icon-col\">\n\t\t\t\t\t\t<div class=\"zifn-wa-ring\">\n\t\t\t\t\t\t\t<svg viewBox=\"0 0 24 24\" xmlns=\"http:\/\/www.w3.org\/2000\/svg\" fill=\"white\" width=\"22\" height=\"22\">\n\t\t\t\t\t\t\t\t<path d=\"M17.472 14.382c-.297-.149-1.758-.867-2.03-.967-.273-.099-.471-.148-.67.15-.197.297-.767.966-.94 1.164-.173.199-.347.223-.644.075-.297-.15-1.255-.463-2.39-1.475-.883-.788-1.48-1.761-1.653-2.059-.173-.297-.018-.458.13-.606.134-.133.298-.347.446-.52.149-.174.198-.298.298-.497.099-.198.05-.371-.025-.52-.075-.149-.669-1.612-.916-2.207-.242-.579-.487-.5-.669-.51-.173-.008-.371-.01-.57-.01-.198 0-.52.074-.792.372-.272.297-1.04 1.016-1.04 2.479 0 1.462 1.065 2.875 1.213 3.074.149.198 2.096 3.2 5.077 4.487.709.306 1.262.489 1.694.625.712.227 1.36.195 1.871.118.571-.085 1.758-.719 2.006-1.413.248-.694.248-1.289.173-1.413-.074-.124-.272-.198-.57-.347z\"\/>\n\t\t\t\t\t\t\t\t<path d=\"M11.999 2C6.477 2 2 6.477 2 12c0 1.99.577 3.844 1.574 5.408L2.045 22l4.737-1.5A9.955 9.955 0 0012 22c5.522 0 10-4.477 10-10S17.522 2 12 2zm0 18c-1.636 0-3.16-.453-4.462-1.238l-.32-.19-3.32 1.052 1.07-3.233-.208-.334A7.952 7.952 0 014 12C4 7.582 7.582 4 12 4c4.417 0 8 3.583 8 8 0 4.418-3.583 8-8 8z\"\/>\n\t\t\t\t\t\t\t<\/svg>\n\t\t\t\t\t\t<\/div>\n\t\t\t\t\t<\/div>\n\t\t\t\t\t<div class=\"zifn-wa-text\">\n\t\t\t\t\t\t<div class=\"zifn-wa-label\">WhatsApp-Support<\/div>\n\t\t\t\t\t\t<div class=\"zifn-wa-desc\"><span class=\"zifn-wa-dot\"><\/span> Online \u00b7 Jetzt chatten<\/div>\n\t\t\t\t\t<\/div>\n\t\t\t\t\t<div class=\"zifn-wa-cta\">Nachricht \u2192<\/div>\n\t\t\t\t<\/a>\n\t\t\t<\/div>\n\t\t\t\n\t\t\t        <\/div>\n<\/div>\n\t\t\t\t\t\t<\/div>\n\t\t\t\t<\/div>\n\t\t\t\t<\/div>\n\t\t\t\t<\/div>\n\t\t\t\t<\/div>\n\t\t","protected":false},"excerpt":{"rendered":"<p>Ibo Player Aktivieren Aktivieren Sie Ibo Player f\u00fcr nur \u20ac10 ! Schnelle IPTV Aktivierung ohne Playlist. Unterst\u00fctzt MAC Adresse und [&hellip;]<\/p>\n","protected":false},"author":2,"featured_media":0,"parent":0,"menu_order":0,"comment_status":"closed","ping_status":"closed","template":"elementor_header_footer","meta":{"site-sidebar-layout":"default","site-content-layout":"","ast-site-content-layout":"default","site-content-style":"default","site-sidebar-style":"default","ast-global-header-display":"","ast-banner-title-visibility":"","ast-main-header-display":"","ast-hfb-above-header-display":"","ast-hfb-below-header-display":"","ast-hfb-mobile-header-display":"","site-post-title":"","ast-breadcrumbs-content":"","ast-featured-img":"","footer-sml-layout":"","ast-disable-related-posts":"","theme-transparent-header-meta":"","adv-header-id-meta":"","stick-header-meta":"","header-above-stick-meta":"","header-main-stick-meta":"","header-below-stick-meta":"","astra-migrate-meta-layouts":"default","ast-page-background-enabled":"default","ast-page-background-meta":{"desktop":{"background-color":"var(--ast-global-color-4)","background-image":"","background-repeat":"repeat","background-position":"center center","background-size":"auto","background-attachment":"scroll","background-type":"","background-media":"","overlay-type":"","overlay-color":"","overlay-opacity":"","overlay-gradient":""},"tablet":{"background-color":"","background-image":"","background-repeat":"repeat","background-position":"center center","background-size":"auto","background-attachment":"scroll","background-type":"","background-media":"","overlay-type":"","overlay-color":"","overlay-opacity":"","overlay-gradient":""},"mobile":{"background-color":"","background-image":"","background-repeat":"repeat","background-position":"center center","background-size":"auto","background-attachment":"scroll","background-type":"","background-media":"","overlay-type":"","overlay-color":"","overlay-opacity":"","overlay-gradient":""}},"ast-content-background-meta":{"desktop":{"background-color":"var(--ast-global-color-5)","background-image":"","background-repeat":"repeat","background-position":"center center","background-size":"auto","background-attachment":"scroll","background-type":"","background-media":"","overlay-type":"","overlay-color":"","overlay-opacity":"","overlay-gradient":""},"tablet":{"background-color":"var(--ast-global-color-5)","background-image":"","background-repeat":"repeat","background-position":"center center","background-size":"auto","background-attachment":"scroll","background-type":"","background-media":"","overlay-type":"","overlay-color":"","overlay-opacity":"","overlay-gradient":""},"mobile":{"background-color":"var(--ast-global-color-5)","background-image":"","background-repeat":"repeat","background-position":"center center","background-size":"auto","background-attachment":"scroll","background-type":"","background-media":"","overlay-type":"","overlay-color":"","overlay-opacity":"","overlay-gradient":""}},"footnotes":""},"class_list":["post-24664","page","type-page","status-publish","hentry"],"_links":{"self":[{"href":"https:\/\/iboplayer.de\/de\/wp-json\/wp\/v2\/pages\/24664","targetHints":{"allow":["GET"]}}],"collection":[{"href":"https:\/\/iboplayer.de\/de\/wp-json\/wp\/v2\/pages"}],"about":[{"href":"https:\/\/iboplayer.de\/de\/wp-json\/wp\/v2\/types\/page"}],"author":[{"embeddable":true,"href":"https:\/\/iboplayer.de\/de\/wp-json\/wp\/v2\/users\/2"}],"replies":[{"embeddable":true,"href":"https:\/\/iboplayer.de\/de\/wp-json\/wp\/v2\/comments?post=24664"}],"version-history":[{"count":3,"href":"https:\/\/iboplayer.de\/de\/wp-json\/wp\/v2\/pages\/24664\/revisions"}],"predecessor-version":[{"id":27840,"href":"https:\/\/iboplayer.de\/de\/wp-json\/wp\/v2\/pages\/24664\/revisions\/27840"}],"wp:attachment":[{"href":"https:\/\/iboplayer.de\/de\/wp-json\/wp\/v2\/media?parent=24664"}],"curies":[{"name":"wp","href":"https:\/\/api.w.org\/{rel}","templated":true}]}}